{"id":10057,"date":"2026-02-17T18:12:20","date_gmt":"2026-02-17T23:12:20","guid":{"rendered":"https:\/\/www.reducolsas.com\/site1\/?page_id=10057"},"modified":"2026-02-18T11:14:54","modified_gmt":"2026-02-18T16:14:54","slug":"variadores-invt","status":"publish","type":"page","link":"https:\/\/www.reducolsas.com\/site1\/variadores-invt\/","title":{"rendered":"Variadores Invt"},"content":{"rendered":"<p>[et_pb_section fb_built=\u00bb1&#8243; next_background_color=\u00bb#ffffff\u00bb admin_label=\u00bbHero Section\u00bb _builder_version=\u00bb4.16&#8243; background_color=\u00bb#003084&#8243; background_enable_image=\u00bboff\u00bb background_position=\u00bbcenter_right\u00bb custom_padding=\u00bb0%||5.5%|||\u00bb bottom_divider_style=\u00bbslant2&#8243; bottom_divider_height=\u00bb90px\u00bb global_colors_info=\u00bb{}\u00bb background_color_gradient_direction__hover=\u00bb180deg\u00bb background_color_gradient_direction__hover_enabled=\u00bb180deg\u00bb background_color_gradient_start_position__hover=\u00bb0%\u00bb background_color_gradient_start_position__hover_enabled=\u00bb0%\u00bb background_color_gradient_end_position__hover=\u00bb100%\u00bb background_color_gradient_end_position__hover_enabled=\u00bb100%\u00bb background_color_gradient_stops__hover=\u00bb#2b87da 0%|#29c4a9 100%\u00bb][et_pb_row _builder_version=\u00bb4.16&#8243; global_colors_info=\u00bb{}\u00bb][et_pb_column type=\u00bb4_4&#8243; _builder_version=\u00bb4.16&#8243; custom_padding=\u00bb|||\u00bb global_colors_info=\u00bb{}\u00bb custom_padding__hover=\u00bb|||\u00bb][et_pb_text disabled_on=\u00bbon|on|off\u00bb _builder_version=\u00bb4.27.5&#8243; _module_preset=\u00bbdefault\u00bb text_font=\u00bb|700|||||||\u00bb text_text_color=\u00bb#d5e355&#8243; text_font_size=\u00bb50px\u00bb text_line_height=\u00bb1.5em\u00bb text_orientation=\u00bbcenter\u00bb custom_margin=\u00bb59px||21px|||\u00bb custom_padding=\u00bb0px||41px|||\u00bb global_colors_info=\u00bb{}\u00bb]Variadores de velocidad<br \/>\n[\/et_pb_text][et_pb_image src=\u00bbhttps:\/\/www.reducolsas.com\/site1\/wp-content\/uploads\/2026\/02\/seccion_Variadores.png\u00bb title_text=\u00bbSeccion Variadores\u00bb align=\u00bbcenter\u00bb _builder_version=\u00bb4.27.5&#8243; _module_preset=\u00bbdefault\u00bb width=\u00bb65%\u00bb custom_margin=\u00bb||9px|||\u00bb global_colors_info=\u00bb{}\u00bb][\/et_pb_image][et_pb_text disabled_on=\u00bbon|on|off\u00bb _builder_version=\u00bb4.16&#8243; _module_preset=\u00bbdefault\u00bb text_font=\u00bb|700|||||||\u00bb text_text_color=\u00bb#d5e355&#8243; text_font_size=\u00bb40px\u00bb text_line_height=\u00bb1.5em\u00bb text_orientation=\u00bbcenter\u00bb custom_padding=\u00bb56px|||||\u00bb global_colors_info=\u00bb{}\u00bb]<\/p>\n<p style=\"text-align: center;\">Soluciones en potencia.<\/p>\n<p>[\/et_pb_text][\/et_pb_column][\/et_pb_row][\/et_pb_section][et_pb_section fb_built=\u00bb1&#8243; admin_label=\u00bbAbout Section\u00bb _builder_version=\u00bb4.16&#8243; background_enable_color=\u00bboff\u00bb custom_margin=\u00bb13px|||||\u00bb custom_padding=\u00bb40px||13px|||\u00bb global_colors_info=\u00bb{}\u00bb][et_pb_row admin_label=\u00bbMotorreductores y reductores\u00bb _builder_version=\u00bb4.16&#8243; global_colors_info=\u00bb{}\u00bb][et_pb_column type=\u00bb4_4&#8243; _builder_version=\u00bb4.16&#8243; custom_padding=\u00bb|||\u00bb global_colors_info=\u00bb{}\u00bb custom_padding__hover=\u00bb|||\u00bb][et_pb_image src=\u00bbhttps:\/\/www.reducolsas.com\/site1\/wp-content\/uploads\/2026\/02\/imgLogo1.jpg\u00bb title_text=\u00bbImgLogo1&#8243; align=\u00bbcenter\u00bb _builder_version=\u00bb4.27.5&#8243; _module_preset=\u00bbdefault\u00bb custom_margin=\u00bb||50px|||\u00bb global_colors_info=\u00bb{}\u00bb][\/et_pb_image][\/et_pb_column][\/et_pb_row][et_pb_row column_structure=\u00bb1_2,1_2&#8243; admin_label=\u00bbMotorreductores y reductores\u00bb _builder_version=\u00bb4.16&#8243; custom_margin=\u00bb|auto|50px|auto||\u00bb global_colors_info=\u00bb{}\u00bb][et_pb_column type=\u00bb1_2&#8243; _builder_version=\u00bb4.16&#8243; custom_padding=\u00bb|||\u00bb global_colors_info=\u00bb{}\u00bb custom_padding__hover=\u00bb|||\u00bb][et_pb_image src=\u00bbhttps:\/\/www.reducolsas.com\/site1\/wp-content\/uploads\/2026\/02\/imgSeccion.jpg\u00bb title_text=\u00bbImgSeccion\u00bb align=\u00bbcenter\u00bb _builder_version=\u00bb4.27.5&#8243; _module_preset=\u00bbdefault\u00bb width=\u00bb90%\u00bb border_color_all=\u00bb#d5e355&#8243; global_colors_info=\u00bb{}\u00bb][\/et_pb_image][\/et_pb_column][et_pb_column type=\u00bb1_2&#8243; _builder_version=\u00bb4.16&#8243; custom_padding=\u00bb|||\u00bb global_colors_info=\u00bb{}\u00bb custom_padding__hover=\u00bb|||\u00bb][et_pb_blurb use_icon=\u00bbon\u00bb _builder_version=\u00bb4.27.5&#8243; _module_preset=\u00bbdefault\u00bb header_font=\u00bb|600|||||||\u00bb header_text_align=\u00bbcenter\u00bb global_colors_info=\u00bb{}\u00bb]<\/p>\n<h3><strong>Variadores de velocidad INVT<\/strong><\/h3>\n<p>&nbsp;<\/p>\n<p>Los variadores de velocidad de <strong>INVT<\/strong> abarcan gamas de inversores de <strong>bajo voltaje y medio voltaje<\/strong>, ofreciendo tanto variadores generales como dedicados.<\/p>\n<ul>\n<li>Pueden ser controlados de manera remota mediante software maestro.<\/li>\n<li>Admiten tarjetas de expansi\u00f3n con diversas funciones.<\/li>\n<li>Se utilizan ampliamente en el campo de la <strong>automatizaci\u00f3n industrial<\/strong>.<\/li>\n<\/ul>\n<h3>Variadores de Bajo Voltaje<\/h3>\n<p>La serie <strong>Goodrive<\/strong> de INVT ofrece:<\/p>\n<ul>\n<li>Excelente rendimiento y funciones completas.<\/li>\n<li>Alta fiabilidad y facilidad de uso.<\/li>\n<li>Amplia gama de modelos, como GD28, GD20, GD27, GD880, GD200A, GD350, GD600, GD800 Pro, entre otros.<\/li>\n<\/ul>\n<h3>Variadores de Medio Voltaje<\/h3>\n<p>Los variadores de medio voltaje de INVT se aplican en la industria minera (m\u00e1quinas de carb\u00f3n, transportadores, cabrestantes, etc.). Modelos destacados:<\/p>\n<ul>\n<li>GD5000 General<\/li>\n<li>GD5000-L Compacto<\/li>\n<li>GD5000 Regenerativo<\/li>\n<\/ul>\n<h3>Variadores Dedicados<\/h3>\n<p>Dise\u00f1ados seg\u00fan las necesidades de distintas industrias, con estructuras y funciones espec\u00edficas para seguridad y estabilidad. Ejemplos:<\/p>\n<ul>\n<li>SP100 y GD100-PV para bombas solares.<\/li>\n<li>GD350-19 para gr\u00faas.<\/li>\n<li>GD300-01A para compresores de aire.<\/li>\n<li>GD270 para ventiladores y bombas.<\/li>\n<li>GD350-CCS para la industria marina.<\/li>\n<li>GD350-13 para unidades de bombeo de petr\u00f3leo.<\/li>\n<\/ul>\n<p><strong>Catalogos:<\/strong><\/p>\n<p style=\"padding-left: 40px;\"><a title=\"Variador GD200A\" href=\"https:\/\/www.reducolsas.com\/site1\/wp-content\/uploads\/2026\/02\/Variador-INVT-GD200A.pdf\" target=\"_blank\" rel=\"noopener\">Variador GD200A<\/a><\/p>\n<p style=\"padding-left: 40px;\"><a title=\"Variador GD350A\" href=\"https:\/\/www.reducolsas.com\/site1\/wp-content\/uploads\/2026\/02\/GD350A-Series-VFD-Manual.pdf\" target=\"_blank\" rel=\"noopener\">Variador GD350A<\/a><\/p>\n<p style=\"padding-left: 40px;\"><a title=\"Variador GD20\" href=\"https:\/\/www.reducolsas.com\/site1\/wp-content\/uploads\/2026\/02\/GD20-Espanol.pdf\" target=\"_blank\" rel=\"noopener\">Variador GD20<\/a><\/p>\n<p style=\"padding-left: 40px;\"><a title=\"Variador GD10\" href=\"https:\/\/www.reducolsas.com\/site1\/wp-content\/uploads\/2026\/02\/GD10-ManualSpanish-version.pdf\" target=\"_blank\" rel=\"noopener\">Variador GD10<\/a><\/p>\n<p style=\"padding-left: 40px;\">\n<p>[\/et_pb_blurb][\/et_pb_column][\/et_pb_row][\/et_pb_section][et_pb_section fb_built=\u00bb1&#8243; prev_background_color=\u00bb#ffffff\u00bb admin_label=\u00bbAbout Section\u00bb _builder_version=\u00bb4.16&#8243; background_color=\u00bb#d5e355&#8243; custom_padding=\u00bb90px||90px|\u00bb top_divider_style=\u00bbslant2&#8243; top_divider_height=\u00bb90px\u00bb top_divider_flip=\u00bbhorizontal|vertical\u00bb global_colors_info=\u00bb{}\u00bb][et_pb_row _builder_version=\u00bb4.16&#8243; _module_preset=\u00bbdefault\u00bb global_colors_info=\u00bb{}\u00bb][et_pb_column type=\u00bb4_4&#8243; _builder_version=\u00bb4.16&#8243; _module_preset=\u00bbdefault\u00bb global_colors_info=\u00bb{}\u00bb][et_pb_blurb title=\u00bbIm\u00e1genes relacionadas\u00bb use_icon=\u00bbon\u00bb _builder_version=\u00bb4.16&#8243; _module_preset=\u00bbdefault\u00bb header_font=\u00bb|600|||||||\u00bb header_text_align=\u00bbcenter\u00bb header_text_color=\u00bb#002e84&#8243; header_font_size=\u00bb30px\u00bb custom_margin=\u00bb||50px|||\u00bb global_colors_info=\u00bb{}\u00bb][\/et_pb_blurb][et_pb_gallery gallery_ids=\u00bb10073,10075,10076,10077&#8243; posts_number=\u00bb12&#8243; orientation=\u00bbportrait\u00bb show_title_and_caption=\u00bboff\u00bb show_pagination=\u00bboff\u00bb hover_overlay_color=\u00bbrgba(19,59,132,0.31)\u00bb _builder_version=\u00bb4.27.5&#8243; _module_preset=\u00bbdefault\u00bb width=\u00bb66%\u00bb module_alignment=\u00bbcenter\u00bb custom_margin=\u00bb|||0px||\u00bb custom_padding=\u00bb||||false|false\u00bb border_radii_image=\u00bbon|5px|5px|5px|5px\u00bb box_shadow_style_image=\u00bbpreset2&#8243; global_colors_info=\u00bb{}\u00bb][\/et_pb_gallery][\/et_pb_column][\/et_pb_row][\/et_pb_section]<\/p>\n","protected":false},"excerpt":{"rendered":"<p>Variadores de velocidad Soluciones en potencia. Variadores de velocidad INVT &nbsp; Los variadores de velocidad de INVT abarcan gamas de inversores de bajo voltaje y medio voltaje, ofreciendo tanto variadores generales como dedicados. Pueden ser controlados de manera remota mediante software maestro. Admiten tarjetas de expansi\u00f3n con diversas funciones. Se utilizan ampliamente en el campo [&hellip;]<\/p>\n","protected":false},"author":1,"featured_media":0,"parent":0,"menu_order":0,"comment_status":"closed","ping_status":"closed","template":"","meta":{"_et_pb_use_builder":"on","_et_pb_old_content":"","_et_gb_content_width":"","footnotes":""},"class_list":["post-10057","page","type-page","status-publish","hentry"],"_links":{"self":[{"href":"https:\/\/www.reducolsas.com\/site1\/wp-json\/wp\/v2\/pages\/10057","targetHints":{"allow":["GET"]}}],"collection":[{"href":"https:\/\/www.reducolsas.com\/site1\/wp-json\/wp\/v2\/pages"}],"about":[{"href":"https:\/\/www.reducolsas.com\/site1\/wp-json\/wp\/v2\/types\/page"}],"author":[{"embeddable":true,"href":"https:\/\/www.reducolsas.com\/site1\/wp-json\/wp\/v2\/users\/1"}],"replies":[{"embeddable":true,"href":"https:\/\/www.reducolsas.com\/site1\/wp-json\/wp\/v2\/comments?post=10057"}],"version-history":[{"count":11,"href":"https:\/\/www.reducolsas.com\/site1\/wp-json\/wp\/v2\/pages\/10057\/revisions"}],"predecessor-version":[{"id":10086,"href":"https:\/\/www.reducolsas.com\/site1\/wp-json\/wp\/v2\/pages\/10057\/revisions\/10086"}],"wp:attachment":[{"href":"https:\/\/www.reducolsas.com\/site1\/wp-json\/wp\/v2\/media?parent=10057"}],"curies":[{"name":"wp","href":"https:\/\/api.w.org\/{rel}","templated":true}]}}