{"id":10033,"date":"2026-02-17T16:01:09","date_gmt":"2026-02-17T21:01:09","guid":{"rendered":"https:\/\/www.reducolsas.com\/site1\/?page_id=10033"},"modified":"2026-02-22T07:27:48","modified_gmt":"2026-02-22T12:27:48","slug":"variadores-de-velocidad-industriales","status":"publish","type":"page","link":"https:\/\/www.reducolsas.com\/site1\/variadores-de-velocidad-industriales\/","title":{"rendered":"Variadores de velocidad"},"content":{"rendered":"<p>[et_pb_section fb_built=\u00bb1&#8243; next_background_color=\u00bb#ffffff\u00bb admin_label=\u00bbHero Section\u00bb _builder_version=\u00bb4.16&#8243; background_color=\u00bb#003084&#8243; background_enable_image=\u00bboff\u00bb background_position=\u00bbcenter_right\u00bb custom_padding=\u00bb0%||5.5%|||\u00bb bottom_divider_style=\u00bbslant2&#8243; bottom_divider_height=\u00bb90px\u00bb global_colors_info=\u00bb{}\u00bb background_color_gradient_direction__hover=\u00bb180deg\u00bb background_color_gradient_direction__hover_enabled=\u00bb180deg\u00bb background_color_gradient_start_position__hover=\u00bb0%\u00bb background_color_gradient_start_position__hover_enabled=\u00bb0%\u00bb background_color_gradient_end_position__hover=\u00bb100%\u00bb background_color_gradient_end_position__hover_enabled=\u00bb100%\u00bb background_color_gradient_stops__hover=\u00bb#2b87da 0%|#29c4a9 100%\u00bb][et_pb_row _builder_version=\u00bb4.16&#8243; global_colors_info=\u00bb{}\u00bb][et_pb_column type=\u00bb4_4&#8243; _builder_version=\u00bb4.16&#8243; custom_padding=\u00bb|||\u00bb global_colors_info=\u00bb{}\u00bb custom_padding__hover=\u00bb|||\u00bb][et_pb_text disabled_on=\u00bbon|on|off\u00bb _builder_version=\u00bb4.27.5&#8243; _module_preset=\u00bbdefault\u00bb text_font=\u00bb|700|||||||\u00bb text_text_color=\u00bb#d5e355&#8243; text_font_size=\u00bb50px\u00bb text_line_height=\u00bb1.5em\u00bb text_orientation=\u00bbcenter\u00bb custom_margin=\u00bb59px||21px|||\u00bb custom_padding=\u00bb0px||41px|||\u00bb global_colors_info=\u00bb{}\u00bb]<\/p>\n<p>Variadores de velocidad<\/p>\n<p>[\/et_pb_text][et_pb_image src=\u00bbhttps:\/\/www.reducolsas.com\/site1\/wp-content\/uploads\/2026\/02\/seccion_Variadores.png\u00bb title_text=\u00bbSeccion Variadores\u00bb align=\u00bbcenter\u00bb _builder_version=\u00bb4.27.5&#8243; _module_preset=\u00bbdefault\u00bb global_colors_info=\u00bb{}\u00bb][\/et_pb_image][et_pb_text disabled_on=\u00bbon|on|off\u00bb _builder_version=\u00bb4.16&#8243; _module_preset=\u00bbdefault\u00bb text_font=\u00bb|700|||||||\u00bb text_text_color=\u00bb#d5e355&#8243; text_font_size=\u00bb40px\u00bb text_line_height=\u00bb1.5em\u00bb text_orientation=\u00bbcenter\u00bb custom_padding=\u00bb56px|||||\u00bb global_colors_info=\u00bb{}\u00bb]<\/p>\n<p>Soluciones en potencia.<\/p>\n<p>[\/et_pb_text][\/et_pb_column][\/et_pb_row][\/et_pb_section][et_pb_section fb_built=\u00bb1&#8243; admin_label=\u00bbAbout Section\u00bb _builder_version=\u00bb4.16&#8243; background_enable_color=\u00bboff\u00bb custom_margin=\u00bb13px|||||\u00bb custom_padding=\u00bb60px||90px|||\u00bb global_colors_info=\u00bb{}\u00bb][et_pb_row _builder_version=\u00bb4.27.5&#8243; _module_preset=\u00bbdefault\u00bb module_alignment=\u00bbcenter\u00bb global_colors_info=\u00bb{}\u00bb][et_pb_column type=\u00bb4_4&#8243; _builder_version=\u00bb4.16&#8243; _module_preset=\u00bbdefault\u00bb global_colors_info=\u00bb{}\u00bb][et_pb_text _builder_version=\u00bb4.27.5&#8243; _module_preset=\u00bbdefault\u00bb text_font_size=\u00bb16px\u00bb global_colors_info=\u00bb{}\u00bb]<\/p>\n<p style=\"text-align: justify;\">En <strong>REDUCOL S.A.S<\/strong> suministramos variadores de velocidad industriales para m\u00faltiples aplicaciones como sistemas de bombeo, ventilaci\u00f3n, bandas transportadoras y maquinaria industrial. Nuestro enfoque se basa en brindar asesor\u00eda t\u00e9cnica especializada para seleccionar el variador adecuado seg\u00fan la potencia, el tipo de motor y las condiciones de operaci\u00f3n.\u00a0Trabajamos con soluciones confiables orientadas a mejorar la eficiencia, reducir costos operativos y aumentar la vida \u00fatil de los equipos, ofreciendo respaldo t\u00e9cnico antes y despu\u00e9s de la instalaci\u00f3n.<\/p>\n<p>[\/et_pb_text][\/et_pb_column][\/et_pb_row][et_pb_row column_structure=\u00bb1_2,1_2&#8243; _builder_version=\u00bb4.27.5&#8243; _module_preset=\u00bbdefault\u00bb module_alignment=\u00bbcenter\u00bb global_colors_info=\u00bb{}\u00bb][et_pb_column type=\u00bb1_2&#8243; _builder_version=\u00bb4.16&#8243; _module_preset=\u00bbdefault\u00bb global_colors_info=\u00bb{}\u00bb][et_pb_image src=\u00bbhttps:\/\/www.reducolsas.com\/site1\/wp-content\/uploads\/2026\/02\/img1.jpg\u00bb alt=\u00bbVariadores de velocidad industriales | REDUCOL S.A.S\u00bb title_text=\u00bbVariadores de velocidad industriales\u00bb url=\u00bbhttps:\/\/www.reducolsas.com\/site1\/variadores-invt\/\u00bb url_new_window=\u00bbon\u00bb _builder_version=\u00bb4.27.5&#8243; _module_preset=\u00bbdefault\u00bb global_colors_info=\u00bb{}\u00bb][\/et_pb_image][et_pb_button button_url=\u00bbhttps:\/\/www.reducolsas.com\/site1\/variadores-invt\/\u00bb url_new_window=\u00bbon\u00bb button_text=\u00bbVer m\u00e1s\u00bb button_alignment=\u00bbcenter\u00bb _builder_version=\u00bb4.27.5&#8243; _module_preset=\u00bbdefault\u00bb custom_button=\u00bbon\u00bb button_text_size=\u00bb18px\u00bb button_text_color=\u00bb#0c3383&#8243; button_bg_color=\u00bb#d5e355&#8243; button_border_width=\u00bb0px\u00bb button_border_radius=\u00bb10px\u00bb button_font=\u00bb|600|||||||\u00bb custom_margin=\u00bb||||false|false\u00bb custom_padding=\u00bb10px|100px|10px|100px|false|false\u00bb global_colors_info=\u00bb{}\u00bb][\/et_pb_button][\/et_pb_column][et_pb_column type=\u00bb1_2&#8243; _builder_version=\u00bb4.16&#8243; _module_preset=\u00bbdefault\u00bb global_colors_info=\u00bb{}\u00bb][et_pb_image src=\u00bbhttps:\/\/www.reducolsas.com\/site1\/wp-content\/uploads\/2026\/02\/img1Pwt.jpg\u00bb alt=\u00bbVariadores de velocidad industriales | REDUCOL S.A.S\u00bb title_text=\u00bbVariadores de velocidad industriales\u00bb url=\u00bbhttps:\/\/www.reducolsas.com\/site1\/variadores-pwt\/\u00bb _builder_version=\u00bb4.27.5&#8243; _module_preset=\u00bbdefault\u00bb global_colors_info=\u00bb{}\u00bb][\/et_pb_image][et_pb_button button_url=\u00bbhttps:\/\/www.reducolsas.com\/site1\/variadores-pwt\/\u00bb url_new_window=\u00bbon\u00bb button_text=\u00bbVer m\u00e1s\u00bb button_alignment=\u00bbcenter\u00bb _builder_version=\u00bb4.27.5&#8243; _module_preset=\u00bbdefault\u00bb custom_button=\u00bbon\u00bb button_text_size=\u00bb18px\u00bb button_text_color=\u00bb#0c3383&#8243; button_bg_color=\u00bb#d5e355&#8243; button_border_width=\u00bb0px\u00bb button_border_radius=\u00bb10px\u00bb button_font=\u00bb|600|||||||\u00bb custom_margin=\u00bb||||false|false\u00bb custom_padding=\u00bb10px|100px|10px|100px|false|false\u00bb global_colors_info=\u00bb{}\u00bb][\/et_pb_button][\/et_pb_column][\/et_pb_row][\/et_pb_section]<\/p>\n","protected":false},"excerpt":{"rendered":"<p>Variadores de velocidadSoluciones en potencia.En REDUCOL S.A.S suministramos variadores de velocidad industriales para m\u00faltiples aplicaciones como sistemas de bombeo, ventilaci\u00f3n, bandas transportadoras y maquinaria industrial. Nuestro enfoque se basa en brindar asesor\u00eda t\u00e9cnica especializada para seleccionar el variador adecuado seg\u00fan la potencia, el tipo de motor y las condiciones de operaci\u00f3n.\u00a0Trabajamos con soluciones confiables orientadas [&hellip;]<\/p>\n","protected":false},"author":1,"featured_media":0,"parent":0,"menu_order":0,"comment_status":"closed","ping_status":"closed","template":"","meta":{"_et_pb_use_builder":"on","_et_pb_old_content":"","_et_gb_content_width":"","footnotes":""},"class_list":["post-10033","page","type-page","status-publish","hentry"],"_links":{"self":[{"href":"https:\/\/www.reducolsas.com\/site1\/wp-json\/wp\/v2\/pages\/10033","targetHints":{"allow":["GET"]}}],"collection":[{"href":"https:\/\/www.reducolsas.com\/site1\/wp-json\/wp\/v2\/pages"}],"about":[{"href":"https:\/\/www.reducolsas.com\/site1\/wp-json\/wp\/v2\/types\/page"}],"author":[{"embeddable":true,"href":"https:\/\/www.reducolsas.com\/site1\/wp-json\/wp\/v2\/users\/1"}],"replies":[{"embeddable":true,"href":"https:\/\/www.reducolsas.com\/site1\/wp-json\/wp\/v2\/comments?post=10033"}],"version-history":[{"count":19,"href":"https:\/\/www.reducolsas.com\/site1\/wp-json\/wp\/v2\/pages\/10033\/revisions"}],"predecessor-version":[{"id":10252,"href":"https:\/\/www.reducolsas.com\/site1\/wp-json\/wp\/v2\/pages\/10033\/revisions\/10252"}],"wp:attachment":[{"href":"https:\/\/www.reducolsas.com\/site1\/wp-json\/wp\/v2\/media?parent=10033"}],"curies":[{"name":"wp","href":"https:\/\/api.w.org\/{rel}","templated":true}]}}